{"id":78,"date":"2025-04-16T23:34:23","date_gmt":"2025-04-16T23:34:23","guid":{"rendered":"https:\/\/g5steel.com\/g5\/home\/"},"modified":"2025-04-24T13:45:55","modified_gmt":"2025-04-24T19:45:55","slug":"home","status":"publish","type":"page","link":"https:\/\/g5steel.com\/g5\/","title":{"rendered":"Inicio"},"content":{"rendered":"\n<div class=\"wp-block-uagb-container uagb-block-344bf4c5 alignfull uagb-is-root-container\"><div class=\"uagb-container__video-wrap\"><video autoplay loop muted playsinline><source src=\"https:\/\/g5steel.com\/g5\/wp-content\/uploads\/2025\/04\/videofondog5.mp4\" type=\"video\/mp4\"\/><\/video><\/div><div class=\"uagb-container-inner-blocks-wrap\">\n<div class=\"wp-block-uagb-info-box uagb-block-c5e26958 uagb-infobox__content-wrap  uagb-infobox-icon-above-title uagb-infobox-image-valign-top wp-block-uagb-info-box--has-margin\"><div class=\"uagb-infobox-margin-wrapper\"><div class=\"uagb-ifb-content\"><div class=\"uagb-ifb-image-content\"><img decoding=\"async\" src=\"https:\/\/g5steel.com\/g5\/wp-content\/uploads\/2025\/04\/logo3-239x300.png\" alt=\"\" width=\"\" height=\"0\" loading=\"lazy\"\/><\/div><div class=\"uagb-ifb-title-wrap\"><\/div><\/div><\/div><\/div>\n<\/div><\/div>\n\n\n\n<div class=\"wp-block-uagb-container uagb-layout-grid uagb-block-40e14df1 alignfull uagb-is-root-container\"><div class=\"uagb-container-inner-blocks-wrap\">\n<div class=\"wp-block-uagb-info-box uagb-block-bfde9e54 uagb-infobox__content-wrap  uagb-infobox-icon-above-title uagb-infobox-image-valign-top\"><div class=\"uagb-ifb-content\"><div class=\"uagb-ifb-image-content\"><img decoding=\"async\" src=\"https:\/\/g5steel.com\/g5\/wp-content\/uploads\/2022\/10\/Service-1-min-1.jpg\" alt=\"\" width=\"100\" height=\"122\" loading=\"lazy\"\/><\/div><div class=\"uagb-ifb-title-wrap\"><h4 class=\"uagb-ifb-title\">Ingeniera El\u00e9ctrica<\/h4><\/div><\/div><\/div>\n\n\n\n<div class=\"wp-block-uagb-info-box uagb-block-304b7ae9 uagb-infobox__content-wrap  uagb-infobox-icon-above-title uagb-infobox-image-valign-top\"><div class=\"uagb-ifb-content\"><div class=\"uagb-ifb-image-content\"><img decoding=\"async\" src=\"https:\/\/g5steel.com\/g5\/wp-content\/uploads\/2022\/10\/Service-2-min.jpg\" alt=\"\" width=\"100\" height=\"122\" loading=\"lazy\"\/><\/div><div class=\"uagb-ifb-title-wrap\"><h4 class=\"uagb-ifb-title\">Ingeniera Mec\u00e1nica<\/h4><\/div><\/div><\/div>\n\n\n\n<div class=\"wp-block-uagb-info-box uagb-block-4f9d2b4e uagb-infobox__content-wrap  uagb-infobox-icon-above-title uagb-infobox-image-valign-top\"><div class=\"uagb-ifb-content\"><div class=\"uagb-ifb-image-content\"><img decoding=\"async\" src=\"https:\/\/g5steel.com\/g5\/wp-content\/uploads\/2022\/10\/Service-3-min.jpg\" alt=\"\" width=\"100\" height=\"122\" loading=\"lazy\"\/><\/div><div class=\"uagb-ifb-title-wrap\"><h4 class=\"uagb-ifb-title\">Ingeniera Civil<\/h4><\/div><\/div><\/div>\n<\/div><\/div>\n\n\n\n<div class=\"wp-block-uagb-container uagb-block-c93ddd66 alignfull uagb-is-root-container\"><div class=\"uagb-container-inner-blocks-wrap\">\n<div class=\"wp-block-uagb-info-box uagb-block-8b5fbd53 uagb-infobox__content-wrap  uagb-infobox-icon-above-title uagb-infobox-image-valign-top\"><div class=\"uagb-ifb-content\"><div class=\"uagb-ifb-title-wrap\"><h2 class=\"uagb-ifb-title\">Nosotros<\/h2><\/div><p class=\"uagb-ifb-desc\">Empresa integrada por un cuerpo de t\u00e9cnicos especializados en diversas ramas de ingenier\u00eda el\u00e9ctrica, mec\u00e1nica y civil,<br>esto permite garantizar con amplitud los servicios, posee una gran eficiencia individual de sus colaboradores,<br>adem\u00e1s que el car\u00e1cter interdisciplinario de la empresa, conduce a que los productos y servicios que \u00e9sta realiza tengan resultados \u00f3ptimos.<\/p><\/div><\/div>\n\n\n\n<div class=\"wp-block-uagb-image uagb-block-0d4b1541 wp-block-uagb-image--layout-default wp-block-uagb-image--effect-static wp-block-uagb-image--align-none\"><figure class=\"wp-block-uagb-image__figure\"><img decoding=\"async\" srcset=\"https:\/\/g5steel.com\/g5\/wp-content\/uploads\/2022\/10\/Our-Mission-min.jpg ,https:\/\/g5steel.com\/g5\/wp-content\/uploads\/2022\/10\/Our-Mission-min.jpg 780w, https:\/\/g5steel.com\/g5\/wp-content\/uploads\/2022\/10\/Our-Mission-min.jpg 360w\" sizes=\"auto, (max-width: 480px) 150px\" src=\"https:\/\/g5steel.com\/g5\/wp-content\/uploads\/2022\/10\/Our-Mission-min.jpg\" alt=\"\" class=\"uag-image-165\" width=\"530\" height=\"395\" title=\"\" loading=\"lazy\" role=\"img\"\/><\/figure><\/div>\n<\/div><\/div>\n\n\n\n<div class=\"wp-block-uagb-container uagb-block-3910331a alignfull uagb-is-root-container\"><div class=\"uagb-container-inner-blocks-wrap\">\n<div class=\"wp-block-uagb-call-to-action uagb-block-a7e0f6aa\"><div class=\"uagb-cta__wrap\"><h2 class=\"uagb-cta__title\">Ll\u00e1manos.<\/h2><p class=\"uagb-cta__desc\">Contacto: 5527902573<br>Rellena el formulario o env\u00eda un correo a contacto@g5steel.com y con gusto nos pondremos en contact\u00f3 con usted.<\/p><\/div><div class=\"uagb-cta__buttons\"><\/div><\/div>\n<\/div><\/div>\n","protected":false},"excerpt":{"rendered":"","protected":false},"author":1,"featured_media":0,"parent":0,"menu_order":0,"comment_status":"closed","ping_status":"closed","template":"","meta":{"_uag_custom_page_level_css":"","site-sidebar-layout":"default","site-content-layout":"page-builder","ast-site-content-layout":"full-width-container","site-content-style":"unboxed","site-sidebar-style":"unboxed","ast-global-header-display":"","ast-banner-title-visibility":"","ast-main-header-display":"","ast-hfb-above-header-display":"","ast-hfb-below-header-display":"","ast-hfb-mobile-header-display":"","site-post-title":"disabled","ast-breadcrumbs-content":"","ast-featured-img":"","footer-sml-layout":"","ast-disable-related-posts":"","theme-transparent-header-meta":"enabled","adv-header-id-meta":"","stick-header-meta":"","header-above-stick-meta":"","header-main-stick-meta":"","header-below-stick-meta":"","astra-migrate-meta-layouts":"set","ast-page-background-enabled":"default","ast-page-background-meta":{"desktop":{"background-color":"var(--ast-global-color-4)","background-image":"","background-repeat":"repeat","background-position":"center center","background-size":"auto","background-attachment":"scroll","background-type":"","background-media":"","overlay-type":"","overlay-color":"","overlay-opacity":"","overlay-gradient":""},"tablet":{"background-color":"","background-image":"","background-repeat":"repeat","background-position":"center center","background-size":"auto","background-attachment":"scroll","background-type":"","background-media":"","overlay-type":"","overlay-color":"","overlay-opacity":"","overlay-gradient":""},"mobile":{"background-color":"","background-image":"","background-repeat":"repeat","background-position":"center center","background-size":"auto","background-attachment":"scroll","background-type":"","background-media":"","overlay-type":"","overlay-color":"","overlay-opacity":"","overlay-gradient":""}},"ast-content-background-meta":{"desktop":{"background-color":"var(--ast-global-color-5)","background-image":"","background-repeat":"repeat","background-position":"center center","background-size":"auto","background-attachment":"scroll","background-type":"","background-media":"","overlay-type":"","overlay-color":"","overlay-opacity":"","overlay-gradient":""},"tablet":{"background-color":"var(--ast-global-color-5)","background-image":"","background-repeat":"repeat","background-position":"center center","background-size":"auto","background-attachment":"scroll","background-type":"","background-media":"","overlay-type":"","overlay-color":"","overlay-opacity":"","overlay-gradient":""},"mobile":{"background-color":"var(--ast-global-color-5)","background-image":"","background-repeat":"repeat","background-position":"center center","background-size":"auto","background-attachment":"scroll","background-type":"","background-media":"","overlay-type":"","overlay-color":"","overlay-opacity":"","overlay-gradient":""}},"footnotes":""},"class_list":["post-78","page","type-page","status-publish","hentry"],"uagb_featured_image_src":{"full":false,"thumbnail":false,"medium":false,"medium_large":false,"large":false,"1536x1536":false,"2048x2048":false},"uagb_author_info":{"display_name":"admin","author_link":"https:\/\/g5steel.com\/g5\/author\/admin_x4bjk38m\/"},"uagb_comment_info":0,"uagb_excerpt":null,"_links":{"self":[{"href":"https:\/\/g5steel.com\/g5\/wp-json\/wp\/v2\/pages\/78","targetHints":{"allow":["GET"]}}],"collection":[{"href":"https:\/\/g5steel.com\/g5\/wp-json\/wp\/v2\/pages"}],"about":[{"href":"https:\/\/g5steel.com\/g5\/wp-json\/wp\/v2\/types\/page"}],"author":[{"embeddable":true,"href":"https:\/\/g5steel.com\/g5\/wp-json\/wp\/v2\/users\/1"}],"replies":[{"embeddable":true,"href":"https:\/\/g5steel.com\/g5\/wp-json\/wp\/v2\/comments?post=78"}],"version-history":[{"count":13,"href":"https:\/\/g5steel.com\/g5\/wp-json\/wp\/v2\/pages\/78\/revisions"}],"predecessor-version":[{"id":1872,"href":"https:\/\/g5steel.com\/g5\/wp-json\/wp\/v2\/pages\/78\/revisions\/1872"}],"wp:attachment":[{"href":"https:\/\/g5steel.com\/g5\/wp-json\/wp\/v2\/media?parent=78"}],"curies":[{"name":"wp","href":"https:\/\/api.w.org\/{rel}","templated":true}]}}