{"id":107,"date":"2025-04-16T23:34:23","date_gmt":"2025-04-16T23:34:23","guid":{"rendered":"https:\/\/g5steel.com\/g5\/about\/"},"modified":"2025-04-24T14:34:51","modified_gmt":"2025-04-24T20:34:51","slug":"about","status":"publish","type":"page","link":"https:\/\/g5steel.com\/g5\/about\/","title":{"rendered":"Nosotros"},"content":{"rendered":"\n<div class=\"wp-block-uagb-container uagb-block-8de9c239 alignfull uagb-is-root-container\"><div class=\"uagb-container-inner-blocks-wrap\">\n<div class=\"wp-block-uagb-advanced-heading uagb-block-99148d6e\"><h1 class=\"uagb-heading-text\">\u00bfquienes somos?<\/h1><\/div>\n<\/div><\/div>\n\n\n\n<div class=\"wp-block-uagb-container uagb-block-c1107f9e alignfull uagb-is-root-container\"><div class=\"uagb-container-inner-blocks-wrap\">\n<div class=\"wp-block-uagb-image uagb-block-c87c2e84 wp-block-uagb-image--layout-default wp-block-uagb-image--effect-static wp-block-uagb-image--align-none\"><figure class=\"wp-block-uagb-image__figure\"><img decoding=\"async\" srcset=\"https:\/\/websitedemos.net\/earth-08\/wp-content\/uploads\/sites\/1130\/2022\/10\/Our-Mission-min-1-1024x762.jpg ,https:\/\/websitedemos.net\/earth-08\/wp-content\/uploads\/sites\/1130\/2022\/10\/Our-Mission-min-1-1024x762.jpg 780w\" sizes=\"auto, (max-width: 480px) 150px\" src=\"https:\/\/websitedemos.net\/earth-08\/wp-content\/uploads\/sites\/1130\/2022\/10\/Our-Mission-min-1-1024x762.jpg\" alt=\"\" class=\"uag-image-210\" width=\"530\" height=\"395\" title=\"\" loading=\"lazy\" role=\"img\"\/><\/figure><\/div>\n\n\n\n<div class=\"wp-block-uagb-info-box uagb-block-fc0d3afc uagb-infobox__content-wrap  uagb-infobox-icon-above-title uagb-infobox-image-valign-top\"><div class=\"uagb-ifb-content\"><div class=\"uagb-ifb-title-wrap\"><h2 class=\"uagb-ifb-title\">NUESTRA MISION.<\/h2><\/div><p class=\"uagb-ifb-desc\">G5Steel<br>Estamos comprometidos con ofrecer productos y servicios de calidad a nuestros clientes. Adem\u00e1s,<br>nuestros esfuerzos se extienden m\u00e1s all\u00e1 de ofrecer productos y servicios sobresalientes a quienes los necesitan.<br>Se llevan a cabo trabajos de investigaci\u00f3n y participamos en diversas iniciativas para desarrollar constantemente nuestro sector de la industria,<br>sin dejar de contribuir con la sociedad.<\/p><\/div><\/div>\n<\/div><\/div>\n\n\n\n<div class=\"wp-block-uagb-container uagb-block-c6306452 alignfull uagb-is-root-container\"><div class=\"uagb-container-inner-blocks-wrap\">\n<div class=\"wp-block-uagb-call-to-action uagb-block-f5c2c5f3\"><div class=\"uagb-cta__wrap\"><h2 class=\"uagb-cta__title\">Ll\u00e1manos.<\/h2><p class=\"uagb-cta__desc\">Contacto: 5527902573<br>Rellena el formulario o env\u00eda un correo a contacto@g5steel.com y con gusto nos pondremos en contact\u00f3 con usted.<\/p><\/div><div class=\"uagb-cta__buttons\"><\/div><\/div>\n<\/div><\/div>\n","protected":false},"excerpt":{"rendered":"<p>\u00bfquienes somos?<\/p>\n","protected":false},"author":1,"featured_media":0,"parent":0,"menu_order":0,"comment_status":"closed","ping_status":"closed","template":"","meta":{"_uag_custom_page_level_css":"","site-sidebar-layout":"default","site-content-layout":"","ast-site-content-layout":"default","site-content-style":"default","site-sidebar-style":"default","ast-global-header-display":"","ast-banner-title-visibility":"","ast-main-header-display":"","ast-hfb-above-header-display":"","ast-hfb-below-header-display":"","ast-hfb-mobile-header-display":"","site-post-title":"disabled","ast-breadcrumbs-content":"","ast-featured-img":"","footer-sml-layout":"","ast-disable-related-posts":"","theme-transparent-header-meta":"enabled","adv-header-id-meta":"","stick-header-meta":"","header-above-stick-meta":"","header-main-stick-meta":"","header-below-stick-meta":"","astra-migrate-meta-layouts":"set","ast-page-background-enabled":"default","ast-page-background-meta":{"desktop":{"background-color":"var(--ast-global-color-4)","background-image":"","background-repeat":"repeat","background-position":"center center","background-size":"auto","background-attachment":"scroll","background-type":"","background-media":"","overlay-type":"","overlay-color":"","overlay-opacity":"","overlay-gradient":""},"tablet":{"background-color":"","background-image":"","background-repeat":"repeat","background-position":"center center","background-size":"auto","background-attachment":"scroll","background-type":"","background-media":"","overlay-type":"","overlay-color":"","overlay-opacity":"","overlay-gradient":""},"mobile":{"background-color":"","background-image":"","background-repeat":"repeat","background-position":"center center","background-size":"auto","background-attachment":"scroll","background-type":"","background-media":"","overlay-type":"","overlay-color":"","overlay-opacity":"","overlay-gradient":""}},"ast-content-background-meta":{"desktop":{"background-color":"var(--ast-global-color-5)","background-image":"","background-repeat":"repeat","background-position":"center center","background-size":"auto","background-attachment":"scroll","background-type":"","background-media":"","overlay-type":"","overlay-color":"","overlay-opacity":"","overlay-gradient":""},"tablet":{"background-color":"var(--ast-global-color-5)","background-image":"","background-repeat":"repeat","background-position":"center center","background-size":"auto","background-attachment":"scroll","background-type":"","background-media":"","overlay-type":"","overlay-color":"","overlay-opacity":"","overlay-gradient":""},"mobile":{"background-color":"var(--ast-global-color-5)","background-image":"","background-repeat":"repeat","background-position":"center center","background-size":"auto","background-attachment":"scroll","background-type":"","background-media":"","overlay-type":"","overlay-color":"","overlay-opacity":"","overlay-gradient":""}},"footnotes":""},"class_list":["post-107","page","type-page","status-publish","hentry"],"uagb_featured_image_src":{"full":false,"thumbnail":false,"medium":false,"medium_large":false,"large":false,"1536x1536":false,"2048x2048":false},"uagb_author_info":{"display_name":"admin","author_link":"https:\/\/g5steel.com\/g5\/author\/admin_x4bjk38m\/"},"uagb_comment_info":0,"uagb_excerpt":"\u00bfquienes somos?","_links":{"self":[{"href":"https:\/\/g5steel.com\/g5\/wp-json\/wp\/v2\/pages\/107","targetHints":{"allow":["GET"]}}],"collection":[{"href":"https:\/\/g5steel.com\/g5\/wp-json\/wp\/v2\/pages"}],"about":[{"href":"https:\/\/g5steel.com\/g5\/wp-json\/wp\/v2\/types\/page"}],"author":[{"embeddable":true,"href":"https:\/\/g5steel.com\/g5\/wp-json\/wp\/v2\/users\/1"}],"replies":[{"embeddable":true,"href":"https:\/\/g5steel.com\/g5\/wp-json\/wp\/v2\/comments?post=107"}],"version-history":[{"count":6,"href":"https:\/\/g5steel.com\/g5\/wp-json\/wp\/v2\/pages\/107\/revisions"}],"predecessor-version":[{"id":1881,"href":"https:\/\/g5steel.com\/g5\/wp-json\/wp\/v2\/pages\/107\/revisions\/1881"}],"wp:attachment":[{"href":"https:\/\/g5steel.com\/g5\/wp-json\/wp\/v2\/media?parent=107"}],"curies":[{"name":"wp","href":"https:\/\/api.w.org\/{rel}","templated":true}]}}